{"id":4627,"date":"2025-12-31T12:37:29","date_gmt":"2025-12-31T12:37:29","guid":{"rendered":"https:\/\/padelgest.com\/?page_id=4627"},"modified":"2025-12-31T12:37:29","modified_gmt":"2025-12-31T12:37:29","slug":"custom","status":"publish","type":"page","link":"https:\/\/padelgest.com\/ca\/custom\/","title":{"rendered":"Custom"},"content":{"rendered":"","protected":false},"excerpt":{"rendered":"","protected":false},"author":2,"featured_media":0,"parent":0,"menu_order":0,"comment_status":"closed","ping_status":"closed","template":"","meta":{"_acf_changed":false,"inline_featured_image":false,"footnotes":""},"class_list":["post-4627","page","type-page","status-publish","hentry"],"acf":[],"yoast_head":"<!-- This site is optimized with the Yoast SEO plugin v27.5 - https:\/\/yoast.com\/product\/yoast-seo-wordpress\/ -->\n<title>Comprar pista de p\u00e1del personalizada - Padelgest<\/title>\n<meta name=\"description\" content=\"\u00bfEst\u00e1s pensando en comprar pista de p\u00e1del? Ofrecemos distintos modelos y soluciones personalizables para que tu pista tenga un dise\u00f1o \u00fanico.\" \/>\n<meta name=\"robots\" content=\"index, follow, max-snippet:-1, max-image-preview:large, max-video-preview:-1\" \/>\n<link rel=\"canonical\" href=\"https:\/\/padelgest.com\/ca\/custom\/\" \/>\n<meta property=\"og:locale\" content=\"ca_ES\" \/>\n<meta property=\"og:type\" content=\"article\" \/>\n<meta property=\"og:title\" content=\"Comprar pista de p\u00e1del personalizada - Padelgest\" \/>\n<meta property=\"og:description\" content=\"\u00bfEst\u00e1s pensando en comprar pista de p\u00e1del? Ofrecemos distintos modelos y soluciones personalizables para que tu pista tenga un dise\u00f1o \u00fanico.\" \/>\n<meta property=\"og:url\" content=\"https:\/\/padelgest.com\/ca\/custom\/\" \/>\n<meta property=\"og:site_name\" content=\"Padelgest\" \/>\n<meta name=\"twitter:card\" content=\"summary_large_image\" \/>\n<script type=\"application\/ld+json\" class=\"yoast-schema-graph\">{\"@context\":\"https:\\\/\\\/schema.org\",\"@graph\":[{\"@type\":\"WebPage\",\"@id\":\"https:\\\/\\\/padelgest.com\\\/ca\\\/custom\\\/\",\"url\":\"https:\\\/\\\/padelgest.com\\\/ca\\\/custom\\\/\",\"name\":\"Comprar pista de p\u00e1del personalizada - Padelgest\",\"isPartOf\":{\"@id\":\"https:\\\/\\\/padelgest.com\\\/ca\\\/#website\"},\"datePublished\":\"2025-12-31T12:37:29+00:00\",\"description\":\"\u00bfEst\u00e1s pensando en comprar pista de p\u00e1del? Ofrecemos distintos modelos y soluciones personalizables para que tu pista tenga un dise\u00f1o \u00fanico.\",\"breadcrumb\":{\"@id\":\"https:\\\/\\\/padelgest.com\\\/ca\\\/custom\\\/#breadcrumb\"},\"inLanguage\":\"ca\",\"potentialAction\":[{\"@type\":\"ReadAction\",\"target\":[\"https:\\\/\\\/padelgest.com\\\/ca\\\/custom\\\/\"]}]},{\"@type\":\"BreadcrumbList\",\"@id\":\"https:\\\/\\\/padelgest.com\\\/ca\\\/custom\\\/#breadcrumb\",\"itemListElement\":[{\"@type\":\"ListItem\",\"position\":1,\"name\":\"Portada\",\"item\":\"https:\\\/\\\/padelgest.com\\\/ca\\\/home\\\/\"},{\"@type\":\"ListItem\",\"position\":2,\"name\":\"Custom\"}]},{\"@type\":\"WebSite\",\"@id\":\"https:\\\/\\\/padelgest.com\\\/ca\\\/#website\",\"url\":\"https:\\\/\\\/padelgest.com\\\/ca\\\/\",\"name\":\"Padelgest\",\"description\":\"En busca de lo aut\u00e9ntico\",\"publisher\":{\"@id\":\"https:\\\/\\\/padelgest.com\\\/ca\\\/#organization\"},\"potentialAction\":[{\"@type\":\"SearchAction\",\"target\":{\"@type\":\"EntryPoint\",\"urlTemplate\":\"https:\\\/\\\/padelgest.com\\\/ca\\\/?s={search_term_string}\"},\"query-input\":{\"@type\":\"PropertyValueSpecification\",\"valueRequired\":true,\"valueName\":\"search_term_string\"}}],\"inLanguage\":\"ca\"},{\"@type\":\"Organization\",\"@id\":\"https:\\\/\\\/padelgest.com\\\/ca\\\/#organization\",\"name\":\"Padelgest\",\"url\":\"https:\\\/\\\/padelgest.com\\\/ca\\\/\",\"logo\":{\"@type\":\"ImageObject\",\"inLanguage\":\"ca\",\"@id\":\"https:\\\/\\\/padelgest.com\\\/ca\\\/#\\\/schema\\\/logo\\\/image\\\/\",\"url\":\"https:\\\/\\\/padelgest.com\\\/wp-content\\\/uploads\\\/2024\\\/02\\\/ico-logo.svg\",\"contentUrl\":\"https:\\\/\\\/padelgest.com\\\/wp-content\\\/uploads\\\/2024\\\/02\\\/ico-logo.svg\",\"caption\":\"Padelgest\"},\"image\":{\"@id\":\"https:\\\/\\\/padelgest.com\\\/ca\\\/#\\\/schema\\\/logo\\\/image\\\/\"}}]}<\/script>\n<!-- \/ Yoast SEO plugin. -->","yoast_head_json":{"title":"Comprar pista de p\u00e1del personalizada - Padelgest","description":"\u00bfEst\u00e1s pensando en comprar pista de p\u00e1del? Ofrecemos distintos modelos y soluciones personalizables para que tu pista tenga un dise\u00f1o \u00fanico.","robots":{"index":"index","follow":"follow","max-snippet":"max-snippet:-1","max-image-preview":"max-image-preview:large","max-video-preview":"max-video-preview:-1"},"canonical":"https:\/\/padelgest.com\/ca\/custom\/","og_locale":"ca_ES","og_type":"article","og_title":"Comprar pista de p\u00e1del personalizada - Padelgest","og_description":"\u00bfEst\u00e1s pensando en comprar pista de p\u00e1del? Ofrecemos distintos modelos y soluciones personalizables para que tu pista tenga un dise\u00f1o \u00fanico.","og_url":"https:\/\/padelgest.com\/ca\/custom\/","og_site_name":"Padelgest","twitter_card":"summary_large_image","schema":{"@context":"https:\/\/schema.org","@graph":[{"@type":"WebPage","@id":"https:\/\/padelgest.com\/ca\/custom\/","url":"https:\/\/padelgest.com\/ca\/custom\/","name":"Comprar pista de p\u00e1del personalizada - Padelgest","isPartOf":{"@id":"https:\/\/padelgest.com\/ca\/#website"},"datePublished":"2025-12-31T12:37:29+00:00","description":"\u00bfEst\u00e1s pensando en comprar pista de p\u00e1del? Ofrecemos distintos modelos y soluciones personalizables para que tu pista tenga un dise\u00f1o \u00fanico.","breadcrumb":{"@id":"https:\/\/padelgest.com\/ca\/custom\/#breadcrumb"},"inLanguage":"ca","potentialAction":[{"@type":"ReadAction","target":["https:\/\/padelgest.com\/ca\/custom\/"]}]},{"@type":"BreadcrumbList","@id":"https:\/\/padelgest.com\/ca\/custom\/#breadcrumb","itemListElement":[{"@type":"ListItem","position":1,"name":"Portada","item":"https:\/\/padelgest.com\/ca\/home\/"},{"@type":"ListItem","position":2,"name":"Custom"}]},{"@type":"WebSite","@id":"https:\/\/padelgest.com\/ca\/#website","url":"https:\/\/padelgest.com\/ca\/","name":"Padelgest","description":"En busca de lo aut\u00e9ntico","publisher":{"@id":"https:\/\/padelgest.com\/ca\/#organization"},"potentialAction":[{"@type":"SearchAction","target":{"@type":"EntryPoint","urlTemplate":"https:\/\/padelgest.com\/ca\/?s={search_term_string}"},"query-input":{"@type":"PropertyValueSpecification","valueRequired":true,"valueName":"search_term_string"}}],"inLanguage":"ca"},{"@type":"Organization","@id":"https:\/\/padelgest.com\/ca\/#organization","name":"Padelgest","url":"https:\/\/padelgest.com\/ca\/","logo":{"@type":"ImageObject","inLanguage":"ca","@id":"https:\/\/padelgest.com\/ca\/#\/schema\/logo\/image\/","url":"https:\/\/padelgest.com\/wp-content\/uploads\/2024\/02\/ico-logo.svg","contentUrl":"https:\/\/padelgest.com\/wp-content\/uploads\/2024\/02\/ico-logo.svg","caption":"Padelgest"},"image":{"@id":"https:\/\/padelgest.com\/ca\/#\/schema\/logo\/image\/"}}]}},"_links":{"self":[{"href":"https:\/\/padelgest.com\/ca\/wp-json\/wp\/v2\/pages\/4627","targetHints":{"allow":["GET"]}}],"collection":[{"href":"https:\/\/padelgest.com\/ca\/wp-json\/wp\/v2\/pages"}],"about":[{"href":"https:\/\/padelgest.com\/ca\/wp-json\/wp\/v2\/types\/page"}],"author":[{"embeddable":true,"href":"https:\/\/padelgest.com\/ca\/wp-json\/wp\/v2\/users\/2"}],"replies":[{"embeddable":true,"href":"https:\/\/padelgest.com\/ca\/wp-json\/wp\/v2\/comments?post=4627"}],"version-history":[{"count":1,"href":"https:\/\/padelgest.com\/ca\/wp-json\/wp\/v2\/pages\/4627\/revisions"}],"predecessor-version":[{"id":4628,"href":"https:\/\/padelgest.com\/ca\/wp-json\/wp\/v2\/pages\/4627\/revisions\/4628"}],"wp:attachment":[{"href":"https:\/\/padelgest.com\/ca\/wp-json\/wp\/v2\/media?parent=4627"}],"curies":[{"name":"wp","href":"https:\/\/api.w.org\/{rel}","templated":true}]}}