{"id":4673,"date":"2026-01-07T09:00:09","date_gmt":"2026-01-07T09:00:09","guid":{"rendered":"https:\/\/padelgest.com\/?page_id=4673"},"modified":"2026-01-07T09:00:09","modified_gmt":"2026-01-07T09:00:09","slug":"politica-de-privacitat","status":"publish","type":"page","link":"https:\/\/padelgest.com\/ca\/politica-de-privacitat\/","title":{"rendered":"Pol\u00edtica de privacitat"},"content":{"rendered":"\r\n<p><span style=\"font-weight: 400;\">En utilitzar la nostra p\u00e0gina web (la \u00abWeb\u00bb) i quan es comuniquen o interactuen amb Padelgest SL, es recullen i processen dades personals dels usuaris d\u2019acord amb els termes d\u2019aquesta pol\u00edtica de privacitat (la \u00abPol\u00edtica de Privacitat\u00bb). La Pol\u00edtica de Privacitat proporciona informaci\u00f3 sobre l\u2019\u00fas que fa Padelgest SL de les dades dels usuaris de la Web i dels clients.<\/span><\/p>\r\n\r\n\r\n\r\n<p><span style=\"font-weight: 400;\">L\u2019objectiu d\u2019aquesta Pol\u00edtica de Privacitat \u00e9s proporcionar informaci\u00f3 sobre els drets que, d\u2019acord amb la normativa general de protecci\u00f3 de dades (RGPD), ostenten els usuaris i clients de Padelgest SL. El responsable del tractament de les dades \u00e9s Padelgest SL, amb domicili social al carrer Ample, 10 \u2013 pis 2, Tortosa, 43500, Tarragona, Espanya.<\/span><\/p>\r\n\r\n\r\n\r\n<p><span style=\"font-weight: 400;\">En pr\u00e9mer el bot\u00f3 \u00abEnviar\u00bb del nostre formulari de contacte o en signar el nostre full d\u2019enc\u00e0rrec, l\u2019usuari garanteix que la informaci\u00f3 i les dades proporcionades s\u00f3n ver\u00eddiques i correctes. Les dades seran recollides i tractades per mantenir la relaci\u00f3 amb Padelgest SL, per utilitzar les dades de l\u2019usuari com a punt de contacte amb Padelgest SL i el nostre equip d\u2019assessors i\/o per resoldre dubtes o preguntes que se\u2019ns facin arribar a trav\u00e9s de la Web o per correu electr\u00f2nic.<\/span><\/p>\r\n\r\n\r\n\r\n<p><span style=\"font-weight: 400;\">La base legal del tractament, en el cas de la gesti\u00f3 de consultes plantejades a trav\u00e9s del nostre formulari de contacte, \u00e9s el nostre inter\u00e8s leg\u00edtim a atendre les sol\u00b7licituds d\u2019informaci\u00f3; i la base legal del tractament de les dades del client obtingudes o a les quals s\u2019hagi pogut accedir durant la prestaci\u00f3 dels nostres serveis professionals (incloent-hi la gesti\u00f3 i\/o l\u2019assessorament) \u00e9s la prestaci\u00f3 dels serveis contractats d\u2019acord amb el full d\u2019enc\u00e0rrec. Les dades personals de l\u2019usuari podran ser compartides d\u2019una oficina a una altra d\u2019acord amb l\u2019inter\u00e8s leg\u00edtim d\u2019atendre la sol\u00b7licitud d\u2019informaci\u00f3 o assessorament, en la mesura que sigui necessari per prestar els nostres serveis. At\u00e8s que algunes de les nostres oficines no es troben dins de l\u2019Espai Econ\u00f2mic Europeu (EEE), volem informar els nostres clients que aquestes transfer\u00e8ncies es duen a terme mitjan\u00e7ant la signatura, per part de les oficines ubicades fora de l\u2019EEE, de les cl\u00e0usules est\u00e0ndard de protecci\u00f3 de dades adoptades per la Comissi\u00f3 Europea per a les transfer\u00e8ncies internacionals.<\/span><\/p>\r\n<p><span style=\"font-weight: 400;\">El per\u00edode de conservaci\u00f3 ser\u00e0 fins que la sol\u00b7licitud d\u2019informaci\u00f3 s\u2019hagi resolt o mentre es mantingui la relaci\u00f3 amb el client. Quan les dades personals ja no siguin necess\u00e0ries per a la finalitat per a la qual van ser recollides i fins a la seva eliminaci\u00f3, es bloquejaran amb la finalitat de gestionar possibles reclamacions legals, administratives o fiscals, durant els per\u00edodes establerts a la legislaci\u00f3 aplicable. Les dades personals seran tractades amb un nivell de protecci\u00f3 proporcional, d\u2019acord amb els est\u00e0ndards aplicables en mat\u00e8ria de protecci\u00f3 de dades, i no estaran sotmeses a decisions automatitzades.<\/span><\/p>\r\n\r\n\r\n\r\n<p><span style=\"font-weight: 400;\">En el cas que un usuari o client faciliti dades personals de tercers, el client\/usuari ha d\u2019haver informat pr\u00e8viament aquests tercers de la inclusi\u00f3 i del contingut d\u2019aquesta Pol\u00edtica de Privacitat. En aquests casos, els usuaris o clients s\u00f3n responsables de la informaci\u00f3 que facilitin i declaren i garanteixen que la informaci\u00f3 \u00e9s ver\u00eddica i que tenen perm\u00eds per comunicar-la. Aix\u00ed mateix, declaren i garanteixen que, en comunicar aquesta informaci\u00f3: 1) han informat pr\u00e8viament aquests tercers de la seva inclusi\u00f3 i del contingut d\u2019aquesta Pol\u00edtica de Privacitat, i 2) no estan vulnerant cap dret de privacitat ni cap altre dret d\u2019aquests tercers. Els usuaris i clients seran personalment responsables de qualsevol dany o p\u00e8rdua causats a Padelgest SL en cas d\u2019incompliment.<\/span><\/p>\r\n<p><span style=\"font-weight: 400;\">Els menors no poden utilitzar els serveis disponibles a la nostra Web sense el perm\u00eds previ dels seus pares, tutors o representants legals, que s\u00f3n responsables de tots els actes realitzats a trav\u00e9s de la Web pels menors al seu c\u00e0rrec, incloent-hi l\u2019emplenament de formularis amb dades personals d\u2019aquests menors.<\/span><\/p>\r\n<p><span style=\"font-weight: 400;\">\u00c9s responsabilitat de l\u2019usuari\/client notificar a Padelgest SL qualsevol canvi en les dades personals facilitades. Qualsevol dany o p\u00e8rdua causats a Padelgest SL o a qualsevol tercer com a conseq\u00fc\u00e8ncia de la comunicaci\u00f3 d\u2019informaci\u00f3 err\u00f2nia, inexacta o incompleta ser\u00e0 responsabilitat exclusiva del client o usuari.<\/span><\/p>\r\n<p><span style=\"font-weight: 400;\">Padelgest SL nom\u00e9s utilitzar\u00e0 cookies quan l\u2019usuari hagi donat el consentiment previ, d\u2019acord amb el que s\u2019indica al missatge que apareix a la p\u00e0gina web en accedir-hi per primera vegada i segons els termes i condicions establerts a la nostra Pol\u00edtica de Cookies.<\/span><\/p>\r\n<p><span style=\"font-weight: 400;\">Els usuaris i clients poden exercir els seus drets d\u2019acc\u00e9s, rectificaci\u00f3 o supressi\u00f3 de dades, sol\u00b7licitar la limitaci\u00f3 del tractament, oposar-s\u2019hi o demanar la portabilitat de les seves dades en qualsevol moment, enviant un correu electr\u00f2nic a <a href=\"mailto:dataprotection@padelgest.com\">dataprotection@padelgest.com<\/a><\/span><span style=\"font-weight: 400;\">, indicant clarament el dret que es vol exercir i adjuntant una c\u00f2pia del document nacional d\u2019identitat o passaport. Aix\u00ed mateix, \u00e9s possible presentar una reclamaci\u00f3 davant les Autoritats de Protecci\u00f3 de Dades.<\/span><\/p>\r\n<p><span style=\"font-weight: 400;\">Per a qualsevol dubte en relaci\u00f3 amb aquesta Pol\u00edtica de Privacitat: <a href=\"mailto:dataprotection@padelgest.com\">dataprotection@padelgest.com<\/a><\/span><span style=\"font-weight: 400;\">.<\/span><\/p>\r\n<p><span style=\"font-weight: 400;\">\u00daltima actualitzaci\u00f3: maig de 2022<\/span><\/p>\r\n","protected":false},"excerpt":{"rendered":"<p>En utilitzar la nostra p\u00e0gina web (la \u00abWeb\u00bb) i quan es comuniquen o interactuen amb Padelgest SL, es recullen i processen dades personals dels usuaris d\u2019acord amb els termes d\u2019aquesta pol\u00edtica de privacitat (la \u00abPol\u00edtica de Privacitat\u00bb). La Pol\u00edtica de Privacitat proporciona informaci\u00f3 sobre l\u2019\u00fas que fa Padelgest SL de les dades dels usuaris de [&hellip;]<\/p>\n","protected":false},"author":2,"featured_media":0,"parent":0,"menu_order":0,"comment_status":"closed","ping_status":"closed","template":"","meta":{"_acf_changed":false,"inline_featured_image":false,"footnotes":""},"class_list":["post-4673","page","type-page","status-publish","hentry"],"acf":[],"yoast_head":"<!-- This site is optimized with the Yoast SEO plugin v27.5 - https:\/\/yoast.com\/product\/yoast-seo-wordpress\/ -->\n<title>Pol\u00edtica de privacitat &#8211; Padelgest<\/title>\n<meta name=\"robots\" content=\"index, follow, max-snippet:-1, max-image-preview:large, max-video-preview:-1\" \/>\n<link rel=\"canonical\" href=\"https:\/\/padelgest.com\/ca\/politica-de-privacitat\/\" \/>\n<meta property=\"og:locale\" content=\"ca_ES\" \/>\n<meta property=\"og:type\" content=\"article\" \/>\n<meta property=\"og:title\" content=\"Pol\u00edtica de privacitat &#8211; Padelgest\" \/>\n<meta property=\"og:description\" content=\"En utilitzar la nostra p\u00e0gina web (la \u00abWeb\u00bb) i quan es comuniquen o interactuen amb Padelgest SL, es recullen i processen dades personals dels usuaris d\u2019acord amb els termes d\u2019aquesta pol\u00edtica de privacitat (la \u00abPol\u00edtica de Privacitat\u00bb). La Pol\u00edtica de Privacitat proporciona informaci\u00f3 sobre l\u2019\u00fas que fa Padelgest SL de les dades dels usuaris de [&hellip;]\" \/>\n<meta property=\"og:url\" content=\"https:\/\/padelgest.com\/ca\/politica-de-privacitat\/\" \/>\n<meta property=\"og:site_name\" content=\"Padelgest\" \/>\n<meta name=\"twitter:card\" content=\"summary_large_image\" \/>\n<meta name=\"twitter:label1\" content=\"Temps estimat de lectura\" \/>\n\t<meta name=\"twitter:data1\" content=\"4 minuts\" \/>\n<script type=\"application\/ld+json\" class=\"yoast-schema-graph\">{\"@context\":\"https:\\\/\\\/schema.org\",\"@graph\":[{\"@type\":\"WebPage\",\"@id\":\"https:\\\/\\\/padelgest.com\\\/ca\\\/politica-de-privacitat\\\/\",\"url\":\"https:\\\/\\\/padelgest.com\\\/ca\\\/politica-de-privacitat\\\/\",\"name\":\"Pol\u00edtica de privacitat &#8211; Padelgest\",\"isPartOf\":{\"@id\":\"https:\\\/\\\/padelgest.com\\\/ca\\\/#website\"},\"datePublished\":\"2026-01-07T09:00:09+00:00\",\"breadcrumb\":{\"@id\":\"https:\\\/\\\/padelgest.com\\\/ca\\\/politica-de-privacitat\\\/#breadcrumb\"},\"inLanguage\":\"ca\",\"potentialAction\":[{\"@type\":\"ReadAction\",\"target\":[\"https:\\\/\\\/padelgest.com\\\/ca\\\/politica-de-privacitat\\\/\"]}]},{\"@type\":\"BreadcrumbList\",\"@id\":\"https:\\\/\\\/padelgest.com\\\/ca\\\/politica-de-privacitat\\\/#breadcrumb\",\"itemListElement\":[{\"@type\":\"ListItem\",\"position\":1,\"name\":\"Portada\",\"item\":\"https:\\\/\\\/padelgest.com\\\/ca\\\/home\\\/\"},{\"@type\":\"ListItem\",\"position\":2,\"name\":\"Pol\u00edtica de privacitat\"}]},{\"@type\":\"WebSite\",\"@id\":\"https:\\\/\\\/padelgest.com\\\/ca\\\/#website\",\"url\":\"https:\\\/\\\/padelgest.com\\\/ca\\\/\",\"name\":\"Padelgest\",\"description\":\"En busca de lo aut\u00e9ntico\",\"publisher\":{\"@id\":\"https:\\\/\\\/padelgest.com\\\/ca\\\/#organization\"},\"potentialAction\":[{\"@type\":\"SearchAction\",\"target\":{\"@type\":\"EntryPoint\",\"urlTemplate\":\"https:\\\/\\\/padelgest.com\\\/ca\\\/?s={search_term_string}\"},\"query-input\":{\"@type\":\"PropertyValueSpecification\",\"valueRequired\":true,\"valueName\":\"search_term_string\"}}],\"inLanguage\":\"ca\"},{\"@type\":\"Organization\",\"@id\":\"https:\\\/\\\/padelgest.com\\\/ca\\\/#organization\",\"name\":\"Padelgest\",\"url\":\"https:\\\/\\\/padelgest.com\\\/ca\\\/\",\"logo\":{\"@type\":\"ImageObject\",\"inLanguage\":\"ca\",\"@id\":\"https:\\\/\\\/padelgest.com\\\/ca\\\/#\\\/schema\\\/logo\\\/image\\\/\",\"url\":\"https:\\\/\\\/padelgest.com\\\/wp-content\\\/uploads\\\/2024\\\/02\\\/ico-logo.svg\",\"contentUrl\":\"https:\\\/\\\/padelgest.com\\\/wp-content\\\/uploads\\\/2024\\\/02\\\/ico-logo.svg\",\"caption\":\"Padelgest\"},\"image\":{\"@id\":\"https:\\\/\\\/padelgest.com\\\/ca\\\/#\\\/schema\\\/logo\\\/image\\\/\"}}]}<\/script>\n<!-- \/ Yoast SEO plugin. -->","yoast_head_json":{"title":"Pol\u00edtica de privacitat &#8211; Padelgest","robots":{"index":"index","follow":"follow","max-snippet":"max-snippet:-1","max-image-preview":"max-image-preview:large","max-video-preview":"max-video-preview:-1"},"canonical":"https:\/\/padelgest.com\/ca\/politica-de-privacitat\/","og_locale":"ca_ES","og_type":"article","og_title":"Pol\u00edtica de privacitat &#8211; Padelgest","og_description":"En utilitzar la nostra p\u00e0gina web (la \u00abWeb\u00bb) i quan es comuniquen o interactuen amb Padelgest SL, es recullen i processen dades personals dels usuaris d\u2019acord amb els termes d\u2019aquesta pol\u00edtica de privacitat (la \u00abPol\u00edtica de Privacitat\u00bb). La Pol\u00edtica de Privacitat proporciona informaci\u00f3 sobre l\u2019\u00fas que fa Padelgest SL de les dades dels usuaris de [&hellip;]","og_url":"https:\/\/padelgest.com\/ca\/politica-de-privacitat\/","og_site_name":"Padelgest","twitter_card":"summary_large_image","twitter_misc":{"Temps estimat de lectura":"4 minuts"},"schema":{"@context":"https:\/\/schema.org","@graph":[{"@type":"WebPage","@id":"https:\/\/padelgest.com\/ca\/politica-de-privacitat\/","url":"https:\/\/padelgest.com\/ca\/politica-de-privacitat\/","name":"Pol\u00edtica de privacitat &#8211; Padelgest","isPartOf":{"@id":"https:\/\/padelgest.com\/ca\/#website"},"datePublished":"2026-01-07T09:00:09+00:00","breadcrumb":{"@id":"https:\/\/padelgest.com\/ca\/politica-de-privacitat\/#breadcrumb"},"inLanguage":"ca","potentialAction":[{"@type":"ReadAction","target":["https:\/\/padelgest.com\/ca\/politica-de-privacitat\/"]}]},{"@type":"BreadcrumbList","@id":"https:\/\/padelgest.com\/ca\/politica-de-privacitat\/#breadcrumb","itemListElement":[{"@type":"ListItem","position":1,"name":"Portada","item":"https:\/\/padelgest.com\/ca\/home\/"},{"@type":"ListItem","position":2,"name":"Pol\u00edtica de privacitat"}]},{"@type":"WebSite","@id":"https:\/\/padelgest.com\/ca\/#website","url":"https:\/\/padelgest.com\/ca\/","name":"Padelgest","description":"En busca de lo aut\u00e9ntico","publisher":{"@id":"https:\/\/padelgest.com\/ca\/#organization"},"potentialAction":[{"@type":"SearchAction","target":{"@type":"EntryPoint","urlTemplate":"https:\/\/padelgest.com\/ca\/?s={search_term_string}"},"query-input":{"@type":"PropertyValueSpecification","valueRequired":true,"valueName":"search_term_string"}}],"inLanguage":"ca"},{"@type":"Organization","@id":"https:\/\/padelgest.com\/ca\/#organization","name":"Padelgest","url":"https:\/\/padelgest.com\/ca\/","logo":{"@type":"ImageObject","inLanguage":"ca","@id":"https:\/\/padelgest.com\/ca\/#\/schema\/logo\/image\/","url":"https:\/\/padelgest.com\/wp-content\/uploads\/2024\/02\/ico-logo.svg","contentUrl":"https:\/\/padelgest.com\/wp-content\/uploads\/2024\/02\/ico-logo.svg","caption":"Padelgest"},"image":{"@id":"https:\/\/padelgest.com\/ca\/#\/schema\/logo\/image\/"}}]}},"_links":{"self":[{"href":"https:\/\/padelgest.com\/ca\/wp-json\/wp\/v2\/pages\/4673","targetHints":{"allow":["GET"]}}],"collection":[{"href":"https:\/\/padelgest.com\/ca\/wp-json\/wp\/v2\/pages"}],"about":[{"href":"https:\/\/padelgest.com\/ca\/wp-json\/wp\/v2\/types\/page"}],"author":[{"embeddable":true,"href":"https:\/\/padelgest.com\/ca\/wp-json\/wp\/v2\/users\/2"}],"replies":[{"embeddable":true,"href":"https:\/\/padelgest.com\/ca\/wp-json\/wp\/v2\/comments?post=4673"}],"version-history":[{"count":2,"href":"https:\/\/padelgest.com\/ca\/wp-json\/wp\/v2\/pages\/4673\/revisions"}],"predecessor-version":[{"id":4675,"href":"https:\/\/padelgest.com\/ca\/wp-json\/wp\/v2\/pages\/4673\/revisions\/4675"}],"wp:attachment":[{"href":"https:\/\/padelgest.com\/ca\/wp-json\/wp\/v2\/media?parent=4673"}],"curies":[{"name":"wp","href":"https:\/\/api.w.org\/{rel}","templated":true}]}}