{"id":4685,"date":"2021-12-17T14:12:30","date_gmt":"2021-12-17T14:12:30","guid":{"rendered":"https:\/\/padelgest.com\/?page_id=4685"},"modified":"2026-02-24T08:53:09","modified_gmt":"2026-02-24T08:53:09","slug":"credencials","status":"publish","type":"page","link":"https:\/\/padelgest.com\/ca\/credencials\/","title":{"rendered":"Credencials"},"content":{"rendered":"","protected":false},"excerpt":{"rendered":"","protected":false},"author":2,"featured_media":0,"parent":0,"menu_order":0,"comment_status":"closed","ping_status":"closed","template":"","meta":{"_acf_changed":false,"inline_featured_image":false,"footnotes":""},"class_list":["post-4685","page","type-page","status-publish","hentry"],"acf":[],"yoast_head":"<!-- This site is optimized with the Yoast SEO plugin v27.5 - https:\/\/yoast.com\/product\/yoast-seo-wordpress\/ -->\n<title>Credenciales que avalan nuestro trabajo<\/title>\n<meta name=\"description\" content=\"Padelgest fue la opci\u00f3n elegida por el circuito profesional World Padel Tour para ser su pista central, as\u00ed como los m\u00e1s prestigiosos clubes.\" \/>\n<meta name=\"robots\" content=\"index, follow, max-snippet:-1, max-image-preview:large, max-video-preview:-1\" \/>\n<link rel=\"canonical\" href=\"https:\/\/padelgest.com\/ca\/credencials\/\" \/>\n<meta property=\"og:locale\" content=\"ca_ES\" \/>\n<meta property=\"og:type\" content=\"article\" \/>\n<meta property=\"og:title\" content=\"Credenciales que avalan nuestro trabajo\" \/>\n<meta property=\"og:description\" content=\"Padelgest fue la opci\u00f3n elegida por el circuito profesional World Padel Tour para ser su pista central, as\u00ed como los m\u00e1s prestigiosos clubes.\" \/>\n<meta property=\"og:url\" content=\"https:\/\/padelgest.com\/ca\/credencials\/\" \/>\n<meta property=\"og:site_name\" content=\"Padelgest\" \/>\n<meta property=\"article:modified_time\" content=\"2026-02-24T08:53:09+00:00\" \/>\n<meta name=\"twitter:card\" content=\"summary_large_image\" \/>\n<script type=\"application\/ld+json\" class=\"yoast-schema-graph\">{\"@context\":\"https:\\\/\\\/schema.org\",\"@graph\":[{\"@type\":\"WebPage\",\"@id\":\"https:\\\/\\\/padelgest.com\\\/ca\\\/credencials\\\/\",\"url\":\"https:\\\/\\\/padelgest.com\\\/ca\\\/credencials\\\/\",\"name\":\"Credenciales que avalan nuestro trabajo\",\"isPartOf\":{\"@id\":\"https:\\\/\\\/padelgest.com\\\/ca\\\/#website\"},\"datePublished\":\"2021-12-17T14:12:30+00:00\",\"dateModified\":\"2026-02-24T08:53:09+00:00\",\"description\":\"Padelgest fue la opci\u00f3n elegida por el circuito profesional World Padel Tour para ser su pista central, as\u00ed como los m\u00e1s prestigiosos clubes.\",\"breadcrumb\":{\"@id\":\"https:\\\/\\\/padelgest.com\\\/ca\\\/credencials\\\/#breadcrumb\"},\"inLanguage\":\"ca\",\"potentialAction\":[{\"@type\":\"ReadAction\",\"target\":[\"https:\\\/\\\/padelgest.com\\\/ca\\\/credencials\\\/\"]}]},{\"@type\":\"BreadcrumbList\",\"@id\":\"https:\\\/\\\/padelgest.com\\\/ca\\\/credencials\\\/#breadcrumb\",\"itemListElement\":[{\"@type\":\"ListItem\",\"position\":1,\"name\":\"Portada\",\"item\":\"https:\\\/\\\/padelgest.com\\\/ca\\\/home\\\/\"},{\"@type\":\"ListItem\",\"position\":2,\"name\":\"Credencials\"}]},{\"@type\":\"WebSite\",\"@id\":\"https:\\\/\\\/padelgest.com\\\/ca\\\/#website\",\"url\":\"https:\\\/\\\/padelgest.com\\\/ca\\\/\",\"name\":\"Padelgest\",\"description\":\"En busca de lo aut\u00e9ntico\",\"publisher\":{\"@id\":\"https:\\\/\\\/padelgest.com\\\/ca\\\/#organization\"},\"potentialAction\":[{\"@type\":\"SearchAction\",\"target\":{\"@type\":\"EntryPoint\",\"urlTemplate\":\"https:\\\/\\\/padelgest.com\\\/ca\\\/?s={search_term_string}\"},\"query-input\":{\"@type\":\"PropertyValueSpecification\",\"valueRequired\":true,\"valueName\":\"search_term_string\"}}],\"inLanguage\":\"ca\"},{\"@type\":\"Organization\",\"@id\":\"https:\\\/\\\/padelgest.com\\\/ca\\\/#organization\",\"name\":\"Padelgest\",\"url\":\"https:\\\/\\\/padelgest.com\\\/ca\\\/\",\"logo\":{\"@type\":\"ImageObject\",\"inLanguage\":\"ca\",\"@id\":\"https:\\\/\\\/padelgest.com\\\/ca\\\/#\\\/schema\\\/logo\\\/image\\\/\",\"url\":\"https:\\\/\\\/padelgest.com\\\/wp-content\\\/uploads\\\/2024\\\/02\\\/ico-logo.svg\",\"contentUrl\":\"https:\\\/\\\/padelgest.com\\\/wp-content\\\/uploads\\\/2024\\\/02\\\/ico-logo.svg\",\"caption\":\"Padelgest\"},\"image\":{\"@id\":\"https:\\\/\\\/padelgest.com\\\/ca\\\/#\\\/schema\\\/logo\\\/image\\\/\"}}]}<\/script>\n<!-- \/ Yoast SEO plugin. -->","yoast_head_json":{"title":"Credenciales que avalan nuestro trabajo","description":"Padelgest fue la opci\u00f3n elegida por el circuito profesional World Padel Tour para ser su pista central, as\u00ed como los m\u00e1s prestigiosos clubes.","robots":{"index":"index","follow":"follow","max-snippet":"max-snippet:-1","max-image-preview":"max-image-preview:large","max-video-preview":"max-video-preview:-1"},"canonical":"https:\/\/padelgest.com\/ca\/credencials\/","og_locale":"ca_ES","og_type":"article","og_title":"Credenciales que avalan nuestro trabajo","og_description":"Padelgest fue la opci\u00f3n elegida por el circuito profesional World Padel Tour para ser su pista central, as\u00ed como los m\u00e1s prestigiosos clubes.","og_url":"https:\/\/padelgest.com\/ca\/credencials\/","og_site_name":"Padelgest","article_modified_time":"2026-02-24T08:53:09+00:00","twitter_card":"summary_large_image","schema":{"@context":"https:\/\/schema.org","@graph":[{"@type":"WebPage","@id":"https:\/\/padelgest.com\/ca\/credencials\/","url":"https:\/\/padelgest.com\/ca\/credencials\/","name":"Credenciales que avalan nuestro trabajo","isPartOf":{"@id":"https:\/\/padelgest.com\/ca\/#website"},"datePublished":"2021-12-17T14:12:30+00:00","dateModified":"2026-02-24T08:53:09+00:00","description":"Padelgest fue la opci\u00f3n elegida por el circuito profesional World Padel Tour para ser su pista central, as\u00ed como los m\u00e1s prestigiosos clubes.","breadcrumb":{"@id":"https:\/\/padelgest.com\/ca\/credencials\/#breadcrumb"},"inLanguage":"ca","potentialAction":[{"@type":"ReadAction","target":["https:\/\/padelgest.com\/ca\/credencials\/"]}]},{"@type":"BreadcrumbList","@id":"https:\/\/padelgest.com\/ca\/credencials\/#breadcrumb","itemListElement":[{"@type":"ListItem","position":1,"name":"Portada","item":"https:\/\/padelgest.com\/ca\/home\/"},{"@type":"ListItem","position":2,"name":"Credencials"}]},{"@type":"WebSite","@id":"https:\/\/padelgest.com\/ca\/#website","url":"https:\/\/padelgest.com\/ca\/","name":"Padelgest","description":"En busca de lo aut\u00e9ntico","publisher":{"@id":"https:\/\/padelgest.com\/ca\/#organization"},"potentialAction":[{"@type":"SearchAction","target":{"@type":"EntryPoint","urlTemplate":"https:\/\/padelgest.com\/ca\/?s={search_term_string}"},"query-input":{"@type":"PropertyValueSpecification","valueRequired":true,"valueName":"search_term_string"}}],"inLanguage":"ca"},{"@type":"Organization","@id":"https:\/\/padelgest.com\/ca\/#organization","name":"Padelgest","url":"https:\/\/padelgest.com\/ca\/","logo":{"@type":"ImageObject","inLanguage":"ca","@id":"https:\/\/padelgest.com\/ca\/#\/schema\/logo\/image\/","url":"https:\/\/padelgest.com\/wp-content\/uploads\/2024\/02\/ico-logo.svg","contentUrl":"https:\/\/padelgest.com\/wp-content\/uploads\/2024\/02\/ico-logo.svg","caption":"Padelgest"},"image":{"@id":"https:\/\/padelgest.com\/ca\/#\/schema\/logo\/image\/"}}]}},"_links":{"self":[{"href":"https:\/\/padelgest.com\/ca\/wp-json\/wp\/v2\/pages\/4685","targetHints":{"allow":["GET"]}}],"collection":[{"href":"https:\/\/padelgest.com\/ca\/wp-json\/wp\/v2\/pages"}],"about":[{"href":"https:\/\/padelgest.com\/ca\/wp-json\/wp\/v2\/types\/page"}],"author":[{"embeddable":true,"href":"https:\/\/padelgest.com\/ca\/wp-json\/wp\/v2\/users\/2"}],"replies":[{"embeddable":true,"href":"https:\/\/padelgest.com\/ca\/wp-json\/wp\/v2\/comments?post=4685"}],"version-history":[{"count":9,"href":"https:\/\/padelgest.com\/ca\/wp-json\/wp\/v2\/pages\/4685\/revisions"}],"predecessor-version":[{"id":4827,"href":"https:\/\/padelgest.com\/ca\/wp-json\/wp\/v2\/pages\/4685\/revisions\/4827"}],"wp:attachment":[{"href":"https:\/\/padelgest.com\/ca\/wp-json\/wp\/v2\/media?parent=4685"}],"curies":[{"name":"wp","href":"https:\/\/api.w.org\/{rel}","templated":true}]}}